{"id":8989,"date":"2023-07-12T13:17:43","date_gmt":"2023-07-12T13:17:43","guid":{"rendered":"https:\/\/beslenmekongresi.org\/?post_type=product&#038;p=8989"},"modified":"2024-09-06T07:33:58","modified_gmt":"2024-09-06T07:33:58","slug":"thursday-check-in-3-nights-4-days-accommodation","status":"publish","type":"product","link":"https:\/\/beslenmekongresi.org\/?product=thursday-check-in-3-nights-4-days-accommodation&lang=en","title":{"rendered":"External Participation Without Accommodation"},"content":{"rendered":"<p>Bu kongrenin konaklama hizmetleri 3268 nolu tursab A grubu seyahat acente belgesi sahibi <a href=\"https:\/\/www.capitalevents.com.tr\/tr_TR\/\" target=\"_blank\" rel=\"noopener\">Capital Events TUR\u0130ZM<\/a> Seyahat Acentesi taraf\u0131ndan yap\u0131lmaktad\u0131r.<\/p>\n","protected":false},"excerpt":{"rendered":"<p>Bu kongrenin konaklama hizmetleri 3268 nolu tursab A grubu seyahat acente belgesi sahibi Capital Events TUR\u0130ZM Seyahat Acentesi taraf\u0131ndan yap\u0131lmaktad\u0131r.<\/p>\n","protected":false},"featured_media":8568,"template":"","meta":[],"product_cat":[110],"product_tag":[],"class_list":{"0":"post-8989","1":"product","2":"type-product","3":"status-publish","4":"has-post-thumbnail","6":"product_cat-elite-world-grand-istanbul","8":"first","9":"instock","10":"virtual","11":"purchasable","12":"product-type-simple"},"_links":{"self":[{"href":"https:\/\/beslenmekongresi.org\/index.php?rest_route=\/wp\/v2\/product\/8989","targetHints":{"allow":["GET"]}}],"collection":[{"href":"https:\/\/beslenmekongresi.org\/index.php?rest_route=\/wp\/v2\/product"}],"about":[{"href":"https:\/\/beslenmekongresi.org\/index.php?rest_route=\/wp\/v2\/types\/product"}],"version-history":[{"count":3,"href":"https:\/\/beslenmekongresi.org\/index.php?rest_route=\/wp\/v2\/product\/8989\/revisions"}],"predecessor-version":[{"id":9919,"href":"https:\/\/beslenmekongresi.org\/index.php?rest_route=\/wp\/v2\/product\/8989\/revisions\/9919"}],"wp:featuredmedia":[{"embeddable":true,"href":"https:\/\/beslenmekongresi.org\/index.php?rest_route=\/wp\/v2\/media\/8568"}],"wp:attachment":[{"href":"https:\/\/beslenmekongresi.org\/index.php?rest_route=%2Fwp%2Fv2%2Fmedia&parent=8989"}],"wp:term":[{"taxonomy":"product_cat","embeddable":true,"href":"https:\/\/beslenmekongresi.org\/index.php?rest_route=%2Fwp%2Fv2%2Fproduct_cat&post=8989"},{"taxonomy":"product_tag","embeddable":true,"href":"https:\/\/beslenmekongresi.org\/index.php?rest_route=%2Fwp%2Fv2%2Fproduct_tag&post=8989"}],"curies":[{"name":"wp","href":"https:\/\/api.w.org\/{rel}","templated":true}]}}