{"id":9533,"date":"2024-06-22T17:44:57","date_gmt":"2024-06-22T17:44:57","guid":{"rendered":"https:\/\/beslenmekongresi.org\/?page_id=9533"},"modified":"2024-06-22T17:51:14","modified_gmt":"2024-06-22T17:51:14","slug":"video-egitim","status":"publish","type":"page","link":"https:\/\/beslenmekongresi.org\/?page_id=9533","title":{"rendered":"Video E\u011fitim"},"content":{"rendered":"\t\t<div data-elementor-type=\"wp-page\" data-elementor-id=\"9533\" class=\"elementor elementor-9533\">\n\t\t\t\t\t\t\t\t\t<section class=\"elementor-section elementor-top-section elementor-element elementor-element-b767262 elementor-section-boxed elementor-section-height-default elementor-section-height-default wd-section-disabled\" data-id=\"b767262\" data-element_type=\"section\">\n\t\t\t\t\t\t<div class=\"elementor-container elementor-column-gap-default\">\n\t\t\t\t\t<div class=\"elementor-column elementor-col-100 elementor-top-column elementor-element elementor-element-79dc328\" data-id=\"79dc328\" data-element_type=\"column\">\n\t\t\t<div class=\"elementor-widget-wrap elementor-element-populated\">\n\t\t\t\t\t\t\t\t<div class=\"elementor-element elementor-element-607b366 elementor-widget elementor-widget-wd_products\" data-id=\"607b366\" data-element_type=\"widget\" data-widget_type=\"wd_products.default\">\n\t\t\t\t<div class=\"elementor-widget-container\">\n\t\t\t\t\t\t<link rel=\"stylesheet\" id=\"wd-product-loop-css\" href=\"https:\/\/beslenmekongresi.org\/wp-content\/themes\/woodmart\/css\/parts\/woo-product-loop.min.css?ver=6.3.3\" type=\"text\/css\" media=\"all\" \/> \t\t\t\t\t\t<link rel=\"stylesheet\" id=\"wd-product-loop-base-css\" href=\"https:\/\/beslenmekongresi.org\/wp-content\/themes\/woodmart\/css\/parts\/woo-product-loop-base.min.css?ver=6.3.3\" type=\"text\/css\" media=\"all\" \/> \t\t\t\t\t\t<link rel=\"stylesheet\" id=\"wd-woo-mod-add-btn-replace-css\" href=\"https:\/\/beslenmekongresi.org\/wp-content\/themes\/woodmart\/css\/parts\/woo-mod-add-btn-replace.min.css?ver=6.3.3\" type=\"text\/css\" media=\"all\" \/> \t\t\t\t\t\t<link rel=\"stylesheet\" id=\"wd-mod-more-description-css\" href=\"https:\/\/beslenmekongresi.org\/wp-content\/themes\/woodmart\/css\/parts\/mod-more-description.min.css?ver=6.3.3\" type=\"text\/css\" media=\"all\" \/> \t\t\t\t\t\t\t\t<div class=\"wd-products-element\">\n\n\t\t\t\n\t\t\t\n\t\t\t<div class=\"products elements-grid align-items-start row wd-products-holder pagination- wd-spacing-20 grid-columns-4\" data-paged=\"1\" data-atts=\"{&quot;element_title&quot;:null,&quot;title_alignment&quot;:&quot;left&quot;,&quot;post_type&quot;:&quot;product&quot;,&quot;include&quot;:null,&quot;taxonomies&quot;:[&quot;122&quot;],&quot;offset&quot;:&quot;&quot;,&quot;orderby&quot;:&quot;&quot;,&quot;query_type&quot;:&quot;OR&quot;,&quot;order&quot;:&quot;&quot;,&quot;meta_key&quot;:null,&quot;exclude&quot;:&quot;&quot;,&quot;shop_tools&quot;:null,&quot;hide_out_of_stock&quot;:&quot;no&quot;,&quot;speed&quot;:null,&quot;slides_per_view&quot;:null,&quot;wrap&quot;:null,&quot;autoplay&quot;:null,&quot;center_mode&quot;:null,&quot;hide_pagination_control&quot;:null,&quot;hide_prev_next_buttons&quot;:null,&quot;scroll_per_page&quot;:null,&quot;layout&quot;:&quot;grid&quot;,&quot;pagination&quot;:&quot;&quot;,&quot;items_per_page&quot;:12,&quot;spacing&quot;:&quot;20&quot;,&quot;columns&quot;:{&quot;unit&quot;:&quot;px&quot;,&quot;size&quot;:4,&quot;sizes&quot;:[]},&quot;products_masonry&quot;:&quot;&quot;,&quot;products_different_sizes&quot;:&quot;&quot;,&quot;product_quantity&quot;:null,&quot;product_hover&quot;:&quot;inherit&quot;,&quot;sale_countdown&quot;:&quot;0&quot;,&quot;stock_progress_bar&quot;:&quot;0&quot;,&quot;highlighted_products&quot;:&quot;0&quot;,&quot;products_bordered_grid&quot;:&quot;0&quot;,&quot;img_size&quot;:&quot;large&quot;,&quot;ajax_page&quot;:&quot;&quot;,&quot;force_not_ajax&quot;:&quot;no&quot;,&quot;lazy_loading&quot;:&quot;no&quot;,&quot;scroll_carousel_init&quot;:null,&quot;custom_sizes&quot;:false,&quot;elementor&quot;:true}\" data-source=\"shortcode\" data-columns=\"4\">\n\t\t\n\t\t\n\t\t\t\t\t\t\t\t<div class=\"product-grid-item product product-no-swatches wd-hover-base woodmart-hover-base  col-md-3 col-sm-4 col-6 first  type-product post-9535 status-publish instock product_cat-online-egitim has-post-thumbnail virtual taxable purchasable product-type-simple\" data-loop=\"1\" data-id=\"9535\">\n\t\n\t\n<div class=\"product-wrapper\">\n\t<div class=\"content-product-imagin\"><\/div>\n\t<div class=\"product-element-top wd-quick-shop\">\n\t\t<a href=\"https:\/\/beslenmekongresi.org\/?product=online-egitim-videosu-3-uluslararasi-terapotik-beslenme-ve-butuncul-bakis-kongresi-22-24-eylul-2023\" class=\"product-image-link\">\n\t\t\t<img loading=\"lazy\" decoding=\"async\" width=\"700\" height=\"657\" src=\"https:\/\/beslenmekongresi.org\/wp-content\/uploads\/2023\/06\/elite-world-europe-hotel.jpg\" class=\"attachment-large size-large\" alt=\"\" srcset=\"https:\/\/beslenmekongresi.org\/wp-content\/uploads\/2023\/06\/elite-world-europe-hotel.jpg 700w, https:\/\/beslenmekongresi.org\/wp-content\/uploads\/2023\/06\/elite-world-europe-hotel-430x404.jpg 430w, https:\/\/beslenmekongresi.org\/wp-content\/uploads\/2023\/06\/elite-world-europe-hotel-150x141.jpg 150w, https:\/\/beslenmekongresi.org\/wp-content\/uploads\/2023\/06\/elite-world-europe-hotel-320x300.jpg 320w\" sizes=\"auto, (max-width: 700px) 100vw, 700px\" \/>\t\t<\/a>\n\t\t\t\t\t<div class=\"hover-img\">\n\t\t\t\t<a href=\"https:\/\/beslenmekongresi.org\/?product=online-egitim-videosu-3-uluslararasi-terapotik-beslenme-ve-butuncul-bakis-kongresi-22-24-eylul-2023\">\n\t\t\t\t\t<img loading=\"lazy\" decoding=\"async\" width=\"750\" height=\"432\" src=\"https:\/\/beslenmekongresi.org\/wp-content\/uploads\/2023\/06\/638019299620690967_OtelAnasayfaGaleri.jpg\" class=\"attachment-large size-large\" alt=\"\" srcset=\"https:\/\/beslenmekongresi.org\/wp-content\/uploads\/2023\/06\/638019299620690967_OtelAnasayfaGaleri.jpg 750w, https:\/\/beslenmekongresi.org\/wp-content\/uploads\/2023\/06\/638019299620690967_OtelAnasayfaGaleri-430x248.jpg 430w, https:\/\/beslenmekongresi.org\/wp-content\/uploads\/2023\/06\/638019299620690967_OtelAnasayfaGaleri-150x86.jpg 150w, https:\/\/beslenmekongresi.org\/wp-content\/uploads\/2023\/06\/638019299620690967_OtelAnasayfaGaleri-700x403.jpg 700w, https:\/\/beslenmekongresi.org\/wp-content\/uploads\/2023\/06\/638019299620690967_OtelAnasayfaGaleri-400x230.jpg 400w\" sizes=\"auto, (max-width: 750px) 100vw, 750px\" \/>\t\t\t\t<\/a>\n\t\t\t<\/div>\n\t\t\t\t\t<div class=\"wrapp-swatches\"><\/div>\n\t<\/div>\n\n\t<div class=\"product-information\">\n\t\t<h3 class=\"wd-entities-title\"><a href=\"https:\/\/beslenmekongresi.org\/?product=online-egitim-videosu-3-uluslararasi-terapotik-beslenme-ve-butuncul-bakis-kongresi-22-24-eylul-2023\">3. Kongre Online E\u011fitim Videosu + %25 \u0130ndirim Kuponu (4. Kongrede Ge\u00e7erli)<\/a><\/h3>\t\t\t\t<div class=\"wd-product-cats woodmart-product-cats\">\n\t\t\t<a href=\"https:\/\/beslenmekongresi.org\/?product_cat=online-egitim\" rel=\"tag\">Online E\u011fitim<\/a>\t\t<\/div>\n\t\t\t\t<div class=\"product-rating-price\">\n\t\t\t<div class=\"wrapp-product-price\">\n\t\t\t\t\n\t<span class=\"price\"><span class=\"woocommerce-Price-amount amount\"><bdi><span class=\"woocommerce-Price-currencySymbol\">&#8378;<\/span>5.000,00<\/bdi><\/span><\/span>\n\t\t\t<\/div>\n\t\t<\/div>\n\t\t<div class=\"fade-in-block\">\n\t\t\t<div class=\"hover-content wd-more-desc woodmart-more-desc\">\n\t\t\t\t<div class=\"hover-content-inner wd-more-desc-inner woodmart-more-desc-inner\">\n\t\t\t\t\tE\u011fitimi Sat\u0131n alan kullan\u0131c\u0131lara 4. Kongremize kat\u0131l\u0131mlarda %25 indirim tan\u0131mlanacakt\u0131r.\t\t\t\t<\/div>\n\t\t\t\t<a href=\"#\" rel=\"nofollow\" class=\"wd-more-desc-btn woodmart-more-desc-btn\" aria-label=\"Read more description\"><span><\/span><\/a>\n\t\t\t<\/div>\n\t\t\t<div class=\" wd-bottom-actions\">\n\t\t\t\t<div class=\"wrap-wishlist-button\"><\/div>\n\t\t\t\t<div class=\"wd-add-btn wd-add-btn-replace woodmart-add-btn\">\t\t\t<link rel=\"stylesheet\" id=\"wd-add-to-cart-popup-css\" href=\"https:\/\/beslenmekongresi.org\/wp-content\/themes\/woodmart\/css\/parts\/woo-opt-add-to-cart-popup.min.css?ver=6.3.3\" type=\"text\/css\" media=\"all\" \/> \t\t\t\t\t\t<link rel=\"stylesheet\" id=\"wd-mfp-popup-css\" href=\"https:\/\/beslenmekongresi.org\/wp-content\/themes\/woodmart\/css\/parts\/lib-magnific-popup.min.css?ver=6.3.3\" type=\"text\/css\" media=\"all\" \/> \t\t\t<a href=\"?add-to-cart=9535\" data-quantity=\"1\" class=\"button product_type_simple add_to_cart_button ajax_add_to_cart add-to-cart-loop\" data-product_id=\"9535\" data-product_sku=\"\" aria-label=\"Add &ldquo;3. Kongre Online E\u011fitim Videosu + %25 \u0130ndirim Kuponu (4. Kongrede Ge\u00e7erli)&rdquo; to your cart\" aria-describedby=\"\" rel=\"nofollow\"><span>Add to cart<\/span><\/a><\/div>\n\t\t\t\t<div class=\"wrap-quickview-button\">\t\t<div class=\"quick-view wd-action-btn wd-style-icon wd-quick-view-icon wd-quick-view-btn\">\n\t\t\t<a\n\t\t\t\thref=\"https:\/\/beslenmekongresi.org\/?product=online-egitim-videosu-3-uluslararasi-terapotik-beslenme-ve-butuncul-bakis-kongresi-22-24-eylul-2023\"\n\t\t\t\tclass=\"open-quick-view quick-view-button\"\n\t\t\t\trel=\"nofollow\"\n\t\t\t\tdata-id=\"9535\">Quick view<\/a>\n\t\t<\/div>\n\t\t<\/div>\n\t\t\t<\/div>\n\t\t\t\t\t\t\n\t\t\t\t\t<\/div>\n\t<\/div>\n<\/div>\n<\/div>\n\t\t\n\t\t\t\t<\/div>\n\t\n\t\t\n\t\t\n\t\t\t\t\t<\/div>\n\t\t\n\t\t\t\t<\/div>\n\t\t\t\t<\/div>\n\t\t\t\t\t<\/div>\n\t\t<\/div>\n\t\t\t\t\t\t\t<\/div>\n\t\t<\/section>\n\t\t\t\t\t\t\t<\/div>\n\t\t","protected":false},"excerpt":{"rendered":"<p>Online E\u011fitim Videosu 3. Uluslararas\u0131 Terap\u00f6tik Beslenme ve B\u00fct\u00fcnc\u00fcl Bak\u0131\u015f Kongresi 22 &#8211; 24 Eyl\u00fcl 2023 online-egitim &#8378;5.000,00 Bu kongrenin<\/p>\n","protected":false},"author":1,"featured_media":0,"parent":0,"menu_order":0,"comment_status":"closed","ping_status":"closed","template":"elementor_header_footer","meta":{"footnotes":""},"class_list":["post-9533","page","type-page","status-publish","hentry"],"_links":{"self":[{"href":"https:\/\/beslenmekongresi.org\/index.php?rest_route=\/wp\/v2\/pages\/9533","targetHints":{"allow":["GET"]}}],"collection":[{"href":"https:\/\/beslenmekongresi.org\/index.php?rest_route=\/wp\/v2\/pages"}],"about":[{"href":"https:\/\/beslenmekongresi.org\/index.php?rest_route=\/wp\/v2\/types\/page"}],"author":[{"embeddable":true,"href":"https:\/\/beslenmekongresi.org\/index.php?rest_route=\/wp\/v2\/users\/1"}],"replies":[{"embeddable":true,"href":"https:\/\/beslenmekongresi.org\/index.php?rest_route=%2Fwp%2Fv2%2Fcomments&post=9533"}],"version-history":[{"count":4,"href":"https:\/\/beslenmekongresi.org\/index.php?rest_route=\/wp\/v2\/pages\/9533\/revisions"}],"predecessor-version":[{"id":9539,"href":"https:\/\/beslenmekongresi.org\/index.php?rest_route=\/wp\/v2\/pages\/9533\/revisions\/9539"}],"wp:attachment":[{"href":"https:\/\/beslenmekongresi.org\/index.php?rest_route=%2Fwp%2Fv2%2Fmedia&parent=9533"}],"curies":[{"name":"wp","href":"https:\/\/api.w.org\/{rel}","templated":true}]}}