{"id":9084,"date":"2023-07-24T08:15:41","date_gmt":"2023-07-24T08:15:41","guid":{"rendered":"https:\/\/beslenmekongresi.org\/?page_id=9084"},"modified":"2025-05-17T10:43:35","modified_gmt":"2025-05-17T10:43:35","slug":"bilimsel-kurul","status":"publish","type":"page","link":"https:\/\/beslenmekongresi.org\/?page_id=9084","title":{"rendered":"Bilim Kurulu"},"content":{"rendered":"\t\t<div data-elementor-type=\"wp-page\" data-elementor-id=\"9084\" class=\"elementor elementor-9084\">\n\t\t\t\t\t\t\t\t\t<section class=\"elementor-section elementor-top-section elementor-element elementor-element-21463c5 elementor-section-boxed elementor-section-height-default elementor-section-height-default wd-section-disabled\" data-id=\"21463c5\" data-element_type=\"section\">\n\t\t\t\t\t\t<div class=\"elementor-container elementor-column-gap-default\">\n\t\t\t\t\t<div class=\"elementor-column elementor-col-33 elementor-top-column elementor-element elementor-element-518d13c\" data-id=\"518d13c\" data-element_type=\"column\">\n\t\t\t<div class=\"elementor-widget-wrap elementor-element-populated\">\n\t\t\t\t\t\t\t\t<div class=\"elementor-element elementor-element-8ac7c61 elementor-widget elementor-widget-wd_text_block\" data-id=\"8ac7c61\" data-element_type=\"widget\" data-widget_type=\"wd_text_block.default\">\n\t\t\t\t<div class=\"elementor-widget-container\">\n\t\t\t\t\t\t<link rel=\"stylesheet\" id=\"wd-text-block-css\" href=\"https:\/\/beslenmekongresi.org\/wp-content\/themes\/woodmart\/css\/parts\/el-text-block.min.css?ver=6.3.3\" type=\"text\/css\" media=\"all\" \/> \t\t\t\t\t<div class=\"wd-text-block reset-last-child text-left\">\n\t\t\t\n\t\t\t<h3><strong>Prof. Dr. Ahmet \u00c7evik Tufan<\/strong><br \/><strong>Prof. Dr. Asl\u0131han G\u00fcrb\u00fcz<\/strong><br \/><strong>Prof. Dr. Ayhan Alt\u0131nta\u015f<\/strong><br \/><strong>Prof. Dr. Dilek \u00c7olak<\/strong><br \/><strong>Prof. Dr. \u0130rem \u00c7ankaya<\/strong><br \/><strong>Prof. Dr. Kadir Demircan<\/strong><br \/><strong>Prof. Dr. Kamil Can Ak\u00e7al\u0131<\/strong><br \/><strong>Prof. Dr. Mehmet Mahir Atasoy<\/strong><br \/><strong>Prof. Dr. Michel Puceat<\/strong><br \/><strong>Prof. Dr. Ne\u015fe Lortlar \u00dcnl\u00fc<\/strong><br \/><strong>Prof. Dr. Nuray Yaz\u0131han<\/strong><br \/><strong>Prof. Dr. Serkan \u015eener<\/strong><br \/><strong>Prof. Dr. Sevtap Handemir<\/strong><br \/><strong>Prof. Dr. Shahram Milani<\/strong><br \/><strong>Prof. Dr. Yasemin Ak\u00e7ay<\/strong><br \/><strong>Prof.Dr. Fadime K\u0131ran<\/strong><br \/><strong>Do\u00e7. Dr. Nezahat Arzu Kayar<\/strong><br \/><strong>Do\u00e7. Dr. P\u0131nar Turan<\/strong><br \/><strong>Do\u00e7. Dr. Recep Alp<\/strong><br \/><strong>Do\u00e7. Dr. Halil \u0130brahim Y\u0131ld\u0131r\u0131m<\/strong><br \/><strong>Do\u00e7. Dr. Ahmet Cevdet Ceylan<\/strong><br \/><strong>Op. Dr. Burcu Akda\u011f<\/strong><\/h3>\n\t\t\t\t\t<\/div>\n\t\t\t\t<\/div>\n\t\t\t\t<\/div>\n\t\t\t\t\t<\/div>\n\t\t<\/div>\n\t\t\t\t<div class=\"elementor-column elementor-col-33 elementor-top-column elementor-element elementor-element-3acf0a9\" data-id=\"3acf0a9\" data-element_type=\"column\">\n\t\t\t<div class=\"elementor-widget-wrap elementor-element-populated\">\n\t\t\t\t\t\t\t\t<div class=\"elementor-element elementor-element-139f5f5 elementor-widget elementor-widget-wd_text_block\" data-id=\"139f5f5\" data-element_type=\"widget\" data-widget_type=\"wd_text_block.default\">\n\t\t\t\t<div class=\"elementor-widget-container\">\n\t\t\t\t\t<div class=\"wd-text-block reset-last-child text-left\">\n\t\t\t\n\t\t\t<h3><strong>Op. Dr. R\u00fcya Acaro\u011flu<\/strong><br \/><strong>Op. Dr. \u015eenay Aycan<\/strong><br \/><strong>Op. Dr. Taner \u00c7avumirza<\/strong><br \/><strong>Dr. \u00d6\u011fr. \u00dcyesi \u0130lker Solmaz<\/strong><br \/><strong>Uzm. Dr. Adil Zorlu<\/strong><br \/><strong>Uzm. Dr. Ahmet Ayd\u0131nalp<\/strong><br \/><strong>Uzm. Dr. Didem G\u00fclmez<\/strong><br \/><strong>Uzm. Dr. Fatma Co\u015far<\/strong><br \/><strong>Uzm. Dr. Mehmet Camc\u0131<\/strong><br \/><strong>Uzm. Dr. Melih Vural<\/strong><br \/><strong>Uzm. Dr. Murat Ba\u015f<\/strong><br \/><strong>Uzm. Dr. Nagehan Katipo\u011flu<\/strong><br \/><strong>Uzm. Dr. Onur \u015eahin<\/strong><br \/><strong>Uzm. Dr. P\u0131nar Balc\u0131<\/strong><br \/><strong>Dr. Asuman Kaplan Alg\u0131n, Phd<\/strong><br \/><strong>Dr. Demet Erdo\u011fan, Phd<\/strong><br \/><strong>Dr. Sinan Akkurt, Phd<\/strong><br \/><strong>Dr. Alparslan Tekiner<\/strong><br \/><strong>Dr. Ayla Aslanta\u015f<\/strong><br \/><strong>Dr. Bu\u011fra Adil Buyruk\u00e7u<\/strong><br \/><strong>Dr. Cem Ke\u00e7e<\/strong><br \/><strong>Dr. Fatih G\u00fcrp\u0131nar<\/strong><br \/><strong>Dr. O\u011fuz \u00c7elik<\/strong><br \/><strong>Dr. Yasemin Pehlivan<\/strong><\/h3>\n\t\t\t\t\t<\/div>\n\t\t\t\t<\/div>\n\t\t\t\t<\/div>\n\t\t\t\t\t<\/div>\n\t\t<\/div>\n\t\t\t\t<div class=\"elementor-column elementor-col-33 elementor-top-column elementor-element elementor-element-9bbf11e\" data-id=\"9bbf11e\" data-element_type=\"column\">\n\t\t\t<div class=\"elementor-widget-wrap elementor-element-populated\">\n\t\t\t\t\t\t\t\t<div class=\"elementor-element elementor-element-22b8912 elementor-widget elementor-widget-wd_text_block\" data-id=\"22b8912\" data-element_type=\"widget\" data-widget_type=\"wd_text_block.default\">\n\t\t\t\t<div class=\"elementor-widget-container\">\n\t\t\t\t\t<div class=\"wd-text-block reset-last-child text-left\">\n\t\t\t\n\t\t\t<h3><strong>Dr. Hasan H\u00fcsn\u00fc Eren<\/strong><br \/><strong>Dr. Kevser K\u00f6\u015f<\/strong><br \/><strong>Dr. Martha Lucas<\/strong><br \/><strong>Dr. Mustafa Kalkan<\/strong><br \/><strong>Dr. Tijen Acarkan<\/strong><br \/><strong>Dr. \u00dcmit Akta\u015f<\/strong><br \/><strong>Dr. Yunus U\u00e7arc\u0131<\/strong><br \/><strong>Dt. Tijen Secerli<\/strong><br \/><strong>Uzm. Psk. Meleknur Alevcan<\/strong><br \/><strong>Fzt. \u00c7etin Demircan<\/strong><br \/><strong>Fzt. Fatma Dilek Taman<\/strong><br \/><strong>Fzt. Fuat Bal\u0131m<\/strong><br \/><strong>Fzt. Kadri \u00d6zdemir<\/strong><br \/><strong>Fzt. \u00d6zge Kayalar D\u00fclger<\/strong><br \/><strong>Fzt. Suat D\u00fclger<\/strong><br \/><strong>Dyt. Derya Ers\u00f6nmez<\/strong><br \/><strong>Dyt. Ersin \u00d6zdemir<\/strong><br \/><strong>Dyt. Ye\u015fim Temel \u00d6zcan<\/strong><br \/><strong>Uzm. Ecz. H\u00fclya Kayhan<\/strong><br \/><strong>Uzm. Ecz. Reyhan Aliusta<\/strong><br \/><strong>Uzm. Ecz. Tu\u011fba Y\u0131ld\u0131r\u0131m<\/strong><br \/><strong>Ecz. Ahmet Nezihi Pekcan<\/strong><\/h3>\n\t\t\t\t\t<\/div>\n\t\t\t\t<\/div>\n\t\t\t\t<\/div>\n\t\t\t\t\t<\/div>\n\t\t<\/div>\n\t\t\t\t\t\t\t<\/div>\n\t\t<\/section>\n\t\t\t\t\t\t\t<\/div>\n\t\t","protected":false},"excerpt":{"rendered":"<p>Prof. Dr. Ahmet \u00c7evik TufanProf. Dr. Asl\u0131han G\u00fcrb\u00fczProf. Dr. Ayhan Alt\u0131nta\u015fProf. Dr. Dilek \u00c7olakProf. Dr. \u0130rem \u00c7ankayaProf. Dr. Kadir DemircanProf.<\/p>\n","protected":false},"author":1,"featured_media":0,"parent":0,"menu_order":0,"comment_status":"closed","ping_status":"closed","template":"elementor_header_footer","meta":{"footnotes":""},"class_list":["post-9084","page","type-page","status-publish","hentry"],"_links":{"self":[{"href":"https:\/\/beslenmekongresi.org\/index.php?rest_route=\/wp\/v2\/pages\/9084","targetHints":{"allow":["GET"]}}],"collection":[{"href":"https:\/\/beslenmekongresi.org\/index.php?rest_route=\/wp\/v2\/pages"}],"about":[{"href":"https:\/\/beslenmekongresi.org\/index.php?rest_route=\/wp\/v2\/types\/page"}],"author":[{"embeddable":true,"href":"https:\/\/beslenmekongresi.org\/index.php?rest_route=\/wp\/v2\/users\/1"}],"replies":[{"embeddable":true,"href":"https:\/\/beslenmekongresi.org\/index.php?rest_route=%2Fwp%2Fv2%2Fcomments&post=9084"}],"version-history":[{"count":64,"href":"https:\/\/beslenmekongresi.org\/index.php?rest_route=\/wp\/v2\/pages\/9084\/revisions"}],"predecessor-version":[{"id":10148,"href":"https:\/\/beslenmekongresi.org\/index.php?rest_route=\/wp\/v2\/pages\/9084\/revisions\/10148"}],"wp:attachment":[{"href":"https:\/\/beslenmekongresi.org\/index.php?rest_route=%2Fwp%2Fv2%2Fmedia&parent=9084"}],"curies":[{"name":"wp","href":"https:\/\/api.w.org\/{rel}","templated":true}]}}