{"id":8597,"date":"2023-06-23T11:44:41","date_gmt":"2023-06-23T11:44:41","guid":{"rendered":"https:\/\/beslenmekongresi.org\/?page_id=8597"},"modified":"2024-08-27T09:29:57","modified_gmt":"2024-08-27T09:29:57","slug":"kayit","status":"publish","type":"page","link":"https:\/\/beslenmekongresi.org\/?page_id=8597","title":{"rendered":"Kay\u0131t"},"content":{"rendered":"\t\t<div data-elementor-type=\"wp-page\" data-elementor-id=\"8597\" class=\"elementor elementor-8597\">\n\t\t\t\t\t\t\t\t\t<section class=\"elementor-section elementor-top-section elementor-element elementor-element-7b98762 elementor-section-boxed elementor-section-height-default elementor-section-height-default wd-section-disabled\" data-id=\"7b98762\" data-element_type=\"section\">\n\t\t\t\t\t\t<div class=\"elementor-container elementor-column-gap-default\">\n\t\t\t\t\t<div class=\"elementor-column elementor-col-100 elementor-top-column elementor-element elementor-element-ebfd2fa\" data-id=\"ebfd2fa\" data-element_type=\"column\">\n\t\t\t<div class=\"elementor-widget-wrap elementor-element-populated\">\n\t\t\t\t\t\t\t\t<div class=\"elementor-element elementor-element-1c0e779 elementor-widget elementor-widget-wd_products\" data-id=\"1c0e779\" data-element_type=\"widget\" data-widget_type=\"wd_products.default\">\n\t\t\t\t<div class=\"elementor-widget-container\">\n\t\t\t\t\t\t<link rel=\"stylesheet\" id=\"wd-product-loop-css\" href=\"https:\/\/beslenmekongresi.org\/wp-content\/themes\/woodmart\/css\/parts\/woo-product-loop.min.css?ver=6.3.3\" type=\"text\/css\" media=\"all\" \/> \t\t\t\t\t\t<link rel=\"stylesheet\" id=\"wd-product-loop-base-css\" href=\"https:\/\/beslenmekongresi.org\/wp-content\/themes\/woodmart\/css\/parts\/woo-product-loop-base.min.css?ver=6.3.3\" type=\"text\/css\" media=\"all\" \/> \t\t\t\t\t\t<link rel=\"stylesheet\" id=\"wd-woo-mod-add-btn-replace-css\" href=\"https:\/\/beslenmekongresi.org\/wp-content\/themes\/woodmart\/css\/parts\/woo-mod-add-btn-replace.min.css?ver=6.3.3\" type=\"text\/css\" media=\"all\" \/> \t\t\t\t\t\t<link rel=\"stylesheet\" id=\"wd-mod-more-description-css\" href=\"https:\/\/beslenmekongresi.org\/wp-content\/themes\/woodmart\/css\/parts\/mod-more-description.min.css?ver=6.3.3\" type=\"text\/css\" media=\"all\" \/> \t\t\t\t\t\t\t\t<div class=\"wd-products-element\">\n\n\t\t\t\n\t\t\t\n\t\t\t<div class=\"products elements-grid align-items-start row wd-products-holder pagination- wd-spacing-20 grid-columns-4\" data-paged=\"1\" data-atts=\"{&quot;element_title&quot;:null,&quot;title_alignment&quot;:&quot;left&quot;,&quot;post_type&quot;:&quot;product&quot;,&quot;include&quot;:null,&quot;taxonomies&quot;:[&quot;124&quot;],&quot;offset&quot;:&quot;&quot;,&quot;orderby&quot;:&quot;&quot;,&quot;query_type&quot;:&quot;OR&quot;,&quot;order&quot;:&quot;&quot;,&quot;meta_key&quot;:null,&quot;exclude&quot;:&quot;&quot;,&quot;shop_tools&quot;:null,&quot;hide_out_of_stock&quot;:&quot;no&quot;,&quot;speed&quot;:null,&quot;slides_per_view&quot;:null,&quot;wrap&quot;:null,&quot;autoplay&quot;:null,&quot;center_mode&quot;:null,&quot;hide_pagination_control&quot;:null,&quot;hide_prev_next_buttons&quot;:null,&quot;scroll_per_page&quot;:null,&quot;layout&quot;:&quot;grid&quot;,&quot;pagination&quot;:&quot;&quot;,&quot;items_per_page&quot;:12,&quot;spacing&quot;:&quot;20&quot;,&quot;columns&quot;:{&quot;unit&quot;:&quot;px&quot;,&quot;size&quot;:4,&quot;sizes&quot;:[]},&quot;products_masonry&quot;:&quot;&quot;,&quot;products_different_sizes&quot;:&quot;&quot;,&quot;product_quantity&quot;:null,&quot;product_hover&quot;:&quot;inherit&quot;,&quot;sale_countdown&quot;:&quot;0&quot;,&quot;stock_progress_bar&quot;:&quot;0&quot;,&quot;highlighted_products&quot;:&quot;0&quot;,&quot;products_bordered_grid&quot;:&quot;0&quot;,&quot;img_size&quot;:&quot;large&quot;,&quot;ajax_page&quot;:&quot;&quot;,&quot;force_not_ajax&quot;:&quot;no&quot;,&quot;lazy_loading&quot;:&quot;no&quot;,&quot;scroll_carousel_init&quot;:null,&quot;custom_sizes&quot;:false,&quot;elementor&quot;:true}\" data-source=\"shortcode\" data-columns=\"4\">\n\t\t\n\t\t\n\t\t\t\t\t\t\t\t<div class=\"product-grid-item product product-no-swatches wd-hover-base woodmart-hover-base  col-md-3 col-sm-4 col-6 first  type-product post-8496 status-publish instock product_cat-kongre has-post-thumbnail product-type-external\" data-loop=\"1\" data-id=\"8496\">\n\t\n\t\n<div class=\"product-wrapper\">\n\t<div class=\"content-product-imagin\"><\/div>\n\t<div class=\"product-element-top wd-quick-shop\">\n\t\t<a href=\"https:\/\/beslenmekongresi.org\/?product=kongre-product\" class=\"product-image-link\">\n\t\t\t<img loading=\"lazy\" decoding=\"async\" width=\"1200\" height=\"800\" src=\"https:\/\/beslenmekongresi.org\/wp-content\/uploads\/2025\/05\/fd6370d7737689e-scaled-1-1200x800.jpg\" class=\"attachment-large size-large\" alt=\"\" srcset=\"https:\/\/beslenmekongresi.org\/wp-content\/uploads\/2025\/05\/fd6370d7737689e-scaled-1-1200x800.jpg 1200w, https:\/\/beslenmekongresi.org\/wp-content\/uploads\/2025\/05\/fd6370d7737689e-scaled-1-400x267.jpg 400w, https:\/\/beslenmekongresi.org\/wp-content\/uploads\/2025\/05\/fd6370d7737689e-scaled-1-768x512.jpg 768w, https:\/\/beslenmekongresi.org\/wp-content\/uploads\/2025\/05\/fd6370d7737689e-scaled-1-1536x1024.jpg 1536w, https:\/\/beslenmekongresi.org\/wp-content\/uploads\/2025\/05\/fd6370d7737689e-scaled-1-2048x1366.jpg 2048w, https:\/\/beslenmekongresi.org\/wp-content\/uploads\/2025\/05\/fd6370d7737689e-scaled-1-860x573.jpg 860w, https:\/\/beslenmekongresi.org\/wp-content\/uploads\/2025\/05\/fd6370d7737689e-scaled-1-430x287.jpg 430w, https:\/\/beslenmekongresi.org\/wp-content\/uploads\/2025\/05\/fd6370d7737689e-scaled-1-700x467.jpg 700w, https:\/\/beslenmekongresi.org\/wp-content\/uploads\/2025\/05\/fd6370d7737689e-scaled-1-150x100.jpg 150w\" sizes=\"auto, (max-width: 1200px) 100vw, 1200px\" \/>\t\t<\/a>\n\t\t\t\t\t<div class=\"hover-img\">\n\t\t\t\t<a href=\"https:\/\/beslenmekongresi.org\/?product=kongre-product\">\n\t\t\t\t\t<img loading=\"lazy\" decoding=\"async\" width=\"1000\" height=\"664\" src=\"https:\/\/beslenmekongresi.org\/wp-content\/uploads\/2025\/05\/6313a0b5f1c84c8.jpg\" class=\"attachment-large size-large\" alt=\"\" srcset=\"https:\/\/beslenmekongresi.org\/wp-content\/uploads\/2025\/05\/6313a0b5f1c84c8.jpg 1000w, https:\/\/beslenmekongresi.org\/wp-content\/uploads\/2025\/05\/6313a0b5f1c84c8-400x266.jpg 400w, https:\/\/beslenmekongresi.org\/wp-content\/uploads\/2025\/05\/6313a0b5f1c84c8-768x510.jpg 768w, https:\/\/beslenmekongresi.org\/wp-content\/uploads\/2025\/05\/6313a0b5f1c84c8-860x571.jpg 860w, https:\/\/beslenmekongresi.org\/wp-content\/uploads\/2025\/05\/6313a0b5f1c84c8-430x286.jpg 430w, https:\/\/beslenmekongresi.org\/wp-content\/uploads\/2025\/05\/6313a0b5f1c84c8-700x465.jpg 700w, https:\/\/beslenmekongresi.org\/wp-content\/uploads\/2025\/05\/6313a0b5f1c84c8-150x100.jpg 150w\" sizes=\"auto, (max-width: 1000px) 100vw, 1000px\" \/>\t\t\t\t<\/a>\n\t\t\t<\/div>\n\t\t\t\t\t<div class=\"wrapp-swatches\"><\/div>\n\t<\/div>\n\n\t<div class=\"product-information\">\n\t\t<h3 class=\"wd-entities-title\"><a href=\"https:\/\/beslenmekongresi.org\/?product=kongre-product\">5. Uluslararas\u0131 Terap\u00f6tik Beslenme Kongresi (KDV Dahil)<\/a><\/h3>\t\t\t\t<div class=\"wd-product-cats woodmart-product-cats\">\n\t\t\t<a href=\"https:\/\/beslenmekongresi.org\/?product_cat=kongre\" rel=\"tag\">Kongre<\/a>\t\t<\/div>\n\t\t\t\t<div class=\"product-rating-price\">\n\t\t\t<div class=\"wrapp-product-price\">\n\t\t\t\t\n\t<span class=\"price\"><span class=\"woocommerce-Price-amount amount\"><bdi><span class=\"woocommerce-Price-currencySymbol\">&#8378;<\/span>24.000,00<\/bdi><\/span><\/span>\n\t\t\t<\/div>\n\t\t<\/div>\n\t\t<div class=\"fade-in-block\">\n\t\t\t<div class=\"hover-content wd-more-desc woodmart-more-desc\">\n\t\t\t\t<div class=\"hover-content-inner wd-more-desc-inner woodmart-more-desc-inner\">\n\t\t\t\t\tBu kongrenin konaklama hizmetleri 3268 nolu tursab A grubu seyahat acente belgesi sahibi Capital Events TUR\u0130ZM Seyahat Acentesi taraf\u0131ndan yap\u0131lmaktad\u0131r.\t\t\t\t<\/div>\n\t\t\t\t<a href=\"#\" rel=\"nofollow\" class=\"wd-more-desc-btn woodmart-more-desc-btn\" aria-label=\"Read more description\"><span><\/span><\/a>\n\t\t\t<\/div>\n\t\t\t<div class=\" wd-bottom-actions\">\n\t\t\t\t<div class=\"wrap-wishlist-button\"><\/div>\n\t\t\t\t<div class=\"wd-add-btn wd-add-btn-replace woodmart-add-btn\">\t\t\t<link rel=\"stylesheet\" id=\"wd-add-to-cart-popup-css\" href=\"https:\/\/beslenmekongresi.org\/wp-content\/themes\/woodmart\/css\/parts\/woo-opt-add-to-cart-popup.min.css?ver=6.3.3\" type=\"text\/css\" media=\"all\" \/> \t\t\t\t\t\t<link rel=\"stylesheet\" id=\"wd-mfp-popup-css\" href=\"https:\/\/beslenmekongresi.org\/wp-content\/themes\/woodmart\/css\/parts\/lib-magnific-popup.min.css?ver=6.3.3\" type=\"text\/css\" media=\"all\" \/> \t\t\t<a href=\"https:\/\/www.paytr.com\/link\/Ucro36o\" data-quantity=\"1\" class=\"button product_type_external add-to-cart-loop\" data-product_id=\"8496\" data-product_sku=\"\" aria-label=\"Kay\u0131t Ol\" aria-describedby=\"\" rel=\"nofollow\"><span>Kay\u0131t Ol<\/span><\/a><\/div>\n\t\t\t\t<div class=\"wrap-quickview-button\">\t\t<div class=\"quick-view wd-action-btn wd-style-icon wd-quick-view-icon wd-quick-view-btn\">\n\t\t\t<a\n\t\t\t\thref=\"https:\/\/beslenmekongresi.org\/?product=kongre-product\"\n\t\t\t\tclass=\"open-quick-view quick-view-button\"\n\t\t\t\trel=\"nofollow\"\n\t\t\t\tdata-id=\"8496\">Quick view<\/a>\n\t\t<\/div>\n\t\t<\/div>\n\t\t\t<\/div>\n\t\t\t\t\t\t\n\t\t\t\t\t<\/div>\n\t<\/div>\n<\/div>\n<\/div>\n\t\t\n\t\t\t\t<\/div>\n\t\n\t\t\n\t\t\n\t\t\t\t\t<\/div>\n\t\t\n\t\t\t\t<\/div>\n\t\t\t\t<\/div>\n\t\t\t\t<div class=\"elementor-element elementor-element-0fb0693 elementor-widget elementor-widget-wd_text_block\" data-id=\"0fb0693\" data-element_type=\"widget\" data-widget_type=\"wd_text_block.default\">\n\t\t\t\t<div class=\"elementor-widget-container\">\n\t\t\t\t\t\t<link rel=\"stylesheet\" id=\"wd-text-block-css\" href=\"https:\/\/beslenmekongresi.org\/wp-content\/themes\/woodmart\/css\/parts\/el-text-block.min.css?ver=6.3.3\" type=\"text\/css\" media=\"all\" \/> \t\t\t\t\t<div class=\"wd-text-block reset-last-child text-left\">\n\t\t\t\n\t\t\t<h2>Konaklama ile ilgili taleplerinizi <a href=\"https:\/\/wa.me\/905336212284\">+90 533 621 22 84<\/a> numaradan Whasapp ile iletebilirsiniz.<\/h2>\n\t\t\t\t\t<\/div>\n\t\t\t\t<\/div>\n\t\t\t\t<\/div>\n\t\t\t\t\t<\/div>\n\t\t<\/div>\n\t\t\t\t\t\t\t<\/div>\n\t\t<\/section>\n\t\t\t\t\t\t\t<\/div>\n\t\t","protected":false},"excerpt":{"rendered":"<p>D\u0131\u015f Kat\u0131l\u0131m Konaklamas\u0131z (KDV Hari\u00e7) Kongre &#8378;10.000,00 Bu kongrenin konaklama hizmetleri 3268 nolu tursab A grubu seyahat acente belgesi sahibi<\/p>\n","protected":false},"author":1,"featured_media":0,"parent":0,"menu_order":0,"comment_status":"closed","ping_status":"closed","template":"elementor_header_footer","meta":{"footnotes":""},"class_list":["post-8597","page","type-page","status-publish","hentry"],"_links":{"self":[{"href":"https:\/\/beslenmekongresi.org\/index.php?rest_route=\/wp\/v2\/pages\/8597","targetHints":{"allow":["GET"]}}],"collection":[{"href":"https:\/\/beslenmekongresi.org\/index.php?rest_route=\/wp\/v2\/pages"}],"about":[{"href":"https:\/\/beslenmekongresi.org\/index.php?rest_route=\/wp\/v2\/types\/page"}],"author":[{"embeddable":true,"href":"https:\/\/beslenmekongresi.org\/index.php?rest_route=\/wp\/v2\/users\/1"}],"replies":[{"embeddable":true,"href":"https:\/\/beslenmekongresi.org\/index.php?rest_route=%2Fwp%2Fv2%2Fcomments&post=8597"}],"version-history":[{"count":16,"href":"https:\/\/beslenmekongresi.org\/index.php?rest_route=\/wp\/v2\/pages\/8597\/revisions"}],"predecessor-version":[{"id":9814,"href":"https:\/\/beslenmekongresi.org\/index.php?rest_route=\/wp\/v2\/pages\/8597\/revisions\/9814"}],"wp:attachment":[{"href":"https:\/\/beslenmekongresi.org\/index.php?rest_route=%2Fwp%2Fv2%2Fmedia&parent=8597"}],"curies":[{"name":"wp","href":"https:\/\/api.w.org\/{rel}","templated":true}]}}