{"id":8518,"date":"2023-06-23T07:46:28","date_gmt":"2023-06-23T07:46:28","guid":{"rendered":"https:\/\/beslenmekongresi.org\/?page_id=8518"},"modified":"2025-05-17T10:40:44","modified_gmt":"2025-05-17T10:40:44","slug":"davet","status":"publish","type":"page","link":"https:\/\/beslenmekongresi.org\/?page_id=8518","title":{"rendered":"Davet"},"content":{"rendered":"\t\t<div data-elementor-type=\"wp-page\" data-elementor-id=\"8518\" class=\"elementor elementor-8518\">\n\t\t\t\t\t\t\t\t\t<section class=\"elementor-section elementor-top-section elementor-element elementor-element-65ae22f1 elementor-reverse-tablet elementor-reverse-mobile elementor-section-boxed elementor-section-height-default elementor-section-height-default wd-section-disabled\" data-id=\"65ae22f1\" data-element_type=\"section\">\n\t\t\t\t\t\t<div class=\"elementor-container elementor-column-gap-default\">\n\t\t\t\t\t<div class=\"elementor-column elementor-col-50 elementor-top-column elementor-element elementor-element-52eb84e\" data-id=\"52eb84e\" data-element_type=\"column\">\n\t\t\t<div class=\"elementor-widget-wrap elementor-element-populated\">\n\t\t\t\t\t\t\t\t<div class=\"elementor-element elementor-element-7bc3faf elementor-widget elementor-widget-wd_image_or_svg\" data-id=\"7bc3faf\" data-element_type=\"widget\" data-widget_type=\"wd_image_or_svg.default\">\n\t\t\t\t<div class=\"elementor-widget-container\">\n\t\t\t\n\t\t<div class=\"wd-image text-left\">\n\t\t\t\t\t\t\t\t<img loading=\"lazy\" decoding=\"async\" width=\"1674\" height=\"2048\" src=\"https:\/\/beslenmekongresi.org\/wp-content\/uploads\/2025\/05\/fuar-5.jpg\" class=\"attachment-full size-full\" alt=\"\" srcset=\"https:\/\/beslenmekongresi.org\/wp-content\/uploads\/2025\/05\/fuar-5.jpg 1674w, https:\/\/beslenmekongresi.org\/wp-content\/uploads\/2025\/05\/fuar-5-245x300.jpg 245w, https:\/\/beslenmekongresi.org\/wp-content\/uploads\/2025\/05\/fuar-5-654x800.jpg 654w, https:\/\/beslenmekongresi.org\/wp-content\/uploads\/2025\/05\/fuar-5-768x940.jpg 768w, https:\/\/beslenmekongresi.org\/wp-content\/uploads\/2025\/05\/fuar-5-1256x1536.jpg 1256w, https:\/\/beslenmekongresi.org\/wp-content\/uploads\/2025\/05\/fuar-5-860x1052.jpg 860w, https:\/\/beslenmekongresi.org\/wp-content\/uploads\/2025\/05\/fuar-5-430x526.jpg 430w, https:\/\/beslenmekongresi.org\/wp-content\/uploads\/2025\/05\/fuar-5-700x856.jpg 700w, https:\/\/beslenmekongresi.org\/wp-content\/uploads\/2025\/05\/fuar-5-150x184.jpg 150w\" sizes=\"auto, (max-width: 1674px) 100vw, 1674px\" \/>\t\t\t\t\t<\/div>\n\n\t\t\t\t<\/div>\n\t\t\t\t<\/div>\n\t\t\t\t\t<\/div>\n\t\t<\/div>\n\t\t\t\t<div class=\"elementor-column elementor-col-50 elementor-top-column elementor-element elementor-element-33eb68c5\" data-id=\"33eb68c5\" data-element_type=\"column\">\n\t\t\t<div class=\"elementor-widget-wrap elementor-element-populated\">\n\t\t\t\t\t\t\t\t<div class=\"elementor-element elementor-element-6f5d4e5c elementor-widget elementor-widget-wd_title\" data-id=\"6f5d4e5c\" data-element_type=\"widget\" data-widget_type=\"wd_title.default\">\n\t\t\t\t<div class=\"elementor-widget-container\">\n\t\t\t\t\t\t<link rel=\"stylesheet\" id=\"wd-section-title-css\" href=\"https:\/\/beslenmekongresi.org\/wp-content\/themes\/woodmart\/css\/parts\/el-section-title.min.css?ver=6.3.3\" type=\"text\/css\" media=\"all\" \/> \t\t\t\t\t<div class=\"title-wrapper set-mb-s reset-last-child wd-title-color-primary wd-title-style-default wd-title-size-large text-left\">\n\n\t\t\t\t\t\t\t<div class=\"title-subtitle subtitle-color-primary subtitle-style-default wd-fontsize-xs\">\n\t\t\t\t\t26 - 28 EYL\u00dcL 2025 - \u0130STANBUL<br \/>\n\t\t\t\t<\/div>\n\t\t\t\n\t\t\t<div class=\"liner-continer\">\n\t\t\t\t<h4 class=\"woodmart-title-container title wd-fontsize-xxl\">5. Uluslararas\u0131 Terap\u00f6tik Beslenme ve Anti-Aging Kongresi<\/h4> \n\t\t\t\t\t\t\t<\/div>\n\n\t\t\t\t\t<\/div>\n\t\t\t\t<\/div>\n\t\t\t\t<\/div>\n\t\t\t\t<div class=\"elementor-element elementor-element-a773058 elementor-widget elementor-widget-wd_text_block\" data-id=\"a773058\" data-element_type=\"widget\" data-widget_type=\"wd_text_block.default\">\n\t\t\t\t<div class=\"elementor-widget-container\">\n\t\t\t\t\t\t<link rel=\"stylesheet\" id=\"wd-text-block-css\" href=\"https:\/\/beslenmekongresi.org\/wp-content\/themes\/woodmart\/css\/parts\/el-text-block.min.css?ver=6.3.3\" type=\"text\/css\" media=\"all\" \/> \t\t\t\t\t<div class=\"wd-text-block reset-last-child text-left\">\n\t\t\t\n\t\t\t<h3><strong>De\u011ferli Destek\u00e7imiz,<\/strong><\/h3><p>2024 y\u0131l\u0131nda b\u00fcy\u00fck bir ilgiyle ger\u00e7ekle\u015ftirdi\u011fimiz 4. Uluslararas\u0131 Terap\u00f6tik Beslenme Kongresi\u2019ni, T\u00fcrkiye\u2019de ilk kez G\u0131da Takviyeleri ve Fonksiyonel G\u0131dalara \u00f6zel d\u00fczenlenen Vitahealth Fuar\u0131 ile e\u015fzamanl\u0131 olarak ba\u015far\u0131yla tamamlaman\u0131n gururunu ya\u015f\u0131yoruz. 75 de\u011ferli konu\u015fmac\u0131, 220 sunum, 40 firma ve 1200 kat\u0131l\u0131mc\u0131 ile sekt\u00f6r profesyonellerini bir araya getirdik.<br \/>2025 y\u0131l\u0131nda, etkinliklerimizi daha kapsaml\u0131 ve etkili bir i\u00e7erikle sunmak \u00fczere 26-27-28 Eyl\u00fcl tarihlerinde Pullman \u0130stanbul Convention Center\u2019da yeniden bir araya geliyoruz! Bu y\u0131l program\u0131m\u0131za \u201cRejeneratif T\u0131p, K\u00f6k H\u00fccre ve Estetik Uygulamalar Kongresi\u201dni ekleyerek etkinliklerimizi daha da geni\u015fletiyor, sa\u011fl\u0131k profesyonellerine y\u00f6nelik bir\u00e7ok \u00f6zel workshop d\u00fczenliyoruz.<\/p><h3><br \/>Neden Kat\u0131lmal\u0131s\u0131n\u0131z?<\/h3><p>\ud83d\udd39 Sekt\u00f6r Liderleriyle Bulu\u015fma \u2013 Yenilik\u00e7i \u00fcr\u00fcnleri ke\u015ffetme ve i\u015f birliklerini g\u00fc\u00e7lendirme f\u0131rsat\u0131<br \/>\ud83d\udd39 Uluslararas\u0131 Kat\u0131l\u0131m \u2013 Global konu\u015fmac\u0131lar ve sekt\u00f6r profesyonelleri ile etkile\u015fim<br \/>\ud83d\udd39 Derinlemesine \u0130\u00e7erikler \u2013 Ger\u00e7ek vaka analizleri ve interaktif soru-cevap oturumlar\u0131<br \/>\ud83d\udd39 \u0130hracat ve Pazara Giri\u015f F\u0131rsatlar\u0131 \u2013 Yurt d\u0131\u015f\u0131ndan al\u0131c\u0131larla tan\u0131\u015fma ve ihracat e\u011fitimleri<br \/>\ud83d\udd39 \u00d6zel Workshoplar \u2013 Hekimlere y\u00f6nelik uygulamal\u0131 e\u011fitimler<br \/>Bu etkinlik, sekt\u00f6r liderlerinin en son yenilikleri sergiledi\u011fi, g\u00fc\u00e7l\u00fc i\u015f ba\u011flant\u0131lar\u0131 kurdu\u011fu ve \u00e7\u0131\u011f\u0131r a\u00e7an geli\u015fmelerin payla\u015f\u0131ld\u0131\u011f\u0131 \u00f6nemli bir platformdur.<\/p><h3><br \/>Sizi Neler Bekliyor?<\/h3><p>\ud83c\udf1f 2. V\u0130TAHEALTH FUARI<br \/>\ud83c\udf1f 5. ULUSLARARASI TERAP\u00d6T\u0130K BESLENME VE ANTI-AGING KONGRES\u0130<br \/>\ud83c\udf1f 1. REJENERAT\u0130F TIP VE K\u00d6K H\u00dcCRE KONGRES\u0130<br \/>Bu prestijli organizasyonda sizleri de aram\u0131zda g\u00f6rmekten b\u00fcy\u00fck mutluluk\u00a0duyaca\u011f\u0131z.<\/p>\n\t\t\t\t\t<\/div>\n\t\t\t\t<\/div>\n\t\t\t\t<\/div>\n\t\t\t\t\t<\/div>\n\t\t<\/div>\n\t\t\t\t\t\t\t<\/div>\n\t\t<\/section>\n\t\t\t\t\t\t\t<\/div>\n\t\t","protected":false},"excerpt":{"rendered":"<p>26 &#8211; 28 EYL\u00dcL 2025 &#8211; \u0130STANBUL 5. Uluslararas\u0131 Terap\u00f6tik Beslenme ve Anti-Aging Kongresi De\u011ferli Destek\u00e7imiz, 2024 y\u0131l\u0131nda b\u00fcy\u00fck bir<\/p>\n","protected":false},"author":1,"featured_media":0,"parent":0,"menu_order":0,"comment_status":"closed","ping_status":"closed","template":"elementor_header_footer","meta":{"footnotes":""},"class_list":["post-8518","page","type-page","status-publish","hentry"],"_links":{"self":[{"href":"https:\/\/beslenmekongresi.org\/index.php?rest_route=\/wp\/v2\/pages\/8518","targetHints":{"allow":["GET"]}}],"collection":[{"href":"https:\/\/beslenmekongresi.org\/index.php?rest_route=\/wp\/v2\/pages"}],"about":[{"href":"https:\/\/beslenmekongresi.org\/index.php?rest_route=\/wp\/v2\/types\/page"}],"author":[{"embeddable":true,"href":"https:\/\/beslenmekongresi.org\/index.php?rest_route=\/wp\/v2\/users\/1"}],"replies":[{"embeddable":true,"href":"https:\/\/beslenmekongresi.org\/index.php?rest_route=%2Fwp%2Fv2%2Fcomments&post=8518"}],"version-history":[{"count":48,"href":"https:\/\/beslenmekongresi.org\/index.php?rest_route=\/wp\/v2\/pages\/8518\/revisions"}],"predecessor-version":[{"id":10142,"href":"https:\/\/beslenmekongresi.org\/index.php?rest_route=\/wp\/v2\/pages\/8518\/revisions\/10142"}],"wp:attachment":[{"href":"https:\/\/beslenmekongresi.org\/index.php?rest_route=%2Fwp%2Fv2%2Fmedia&parent=8518"}],"curies":[{"name":"wp","href":"https:\/\/api.w.org\/{rel}","templated":true}]}}