{"id":14,"date":"2022-04-11T09:18:06","date_gmt":"2022-04-11T09:18:06","guid":{"rendered":"https:\/\/beslenmekongresi.org\/?page_id=14"},"modified":"2023-06-23T14:23:28","modified_gmt":"2023-06-23T14:23:28","slug":"cart","status":"publish","type":"page","link":"https:\/\/beslenmekongresi.org\/?page_id=14","title":{"rendered":"Al\u0131\u015fveri\u015f Sepeti"},"content":{"rendered":"<div class=\"woocommerce\"><div class=\"woocommerce-notices-wrapper\"><\/div>\n\t<div class=\"cart-empty woocommerce-info\">\n\t\tYour cart is currently empty.\t<\/div>\n\t\t\t<link rel=\"stylesheet\" id=\"wd-woo-page-empty-page-css\" href=\"https:\/\/beslenmekongresi.org\/wp-content\/themes\/woodmart\/css\/parts\/woo-page-empty-page.min.css?ver=6.3.3\" type=\"text\/css\" media=\"all\" \/> \t\t\t\t\t<p class=\"cart-empty wd-empty-page\">\n\t\t\tYour cart is currently empty.\t\t<\/p>\n\t\t\t\t\t\t<div class=\"wd-empty-page-text\">\n\t\t\t\tBefore proceed to checkout you must add some products to your shopping cart.<br> You will find a lot of interesting products on our \"Shop\" page.\t\t\t<\/div>\n\t\t\t\t<p class=\"return-to-shop\">\n\t\t<a class=\"button wc-backward\" href=\"https:\/\/beslenmekongresi.org\/?page_id=13\">\n\t\t\tReturn to shop\t\t<\/a>\n\t<\/p>\n<\/div>\n","protected":false},"excerpt":{"rendered":"","protected":false},"author":1,"featured_media":0,"parent":0,"menu_order":0,"comment_status":"closed","ping_status":"closed","template":"","meta":{"footnotes":""},"class_list":["post-14","page","type-page","status-publish","hentry"],"_links":{"self":[{"href":"https:\/\/beslenmekongresi.org\/index.php?rest_route=\/wp\/v2\/pages\/14","targetHints":{"allow":["GET"]}}],"collection":[{"href":"https:\/\/beslenmekongresi.org\/index.php?rest_route=\/wp\/v2\/pages"}],"about":[{"href":"https:\/\/beslenmekongresi.org\/index.php?rest_route=\/wp\/v2\/types\/page"}],"author":[{"embeddable":true,"href":"https:\/\/beslenmekongresi.org\/index.php?rest_route=\/wp\/v2\/users\/1"}],"replies":[{"embeddable":true,"href":"https:\/\/beslenmekongresi.org\/index.php?rest_route=%2Fwp%2Fv2%2Fcomments&post=14"}],"version-history":[{"count":1,"href":"https:\/\/beslenmekongresi.org\/index.php?rest_route=\/wp\/v2\/pages\/14\/revisions"}],"predecessor-version":[{"id":8849,"href":"https:\/\/beslenmekongresi.org\/index.php?rest_route=\/wp\/v2\/pages\/14\/revisions\/8849"}],"wp:attachment":[{"href":"https:\/\/beslenmekongresi.org\/index.php?rest_route=%2Fwp%2Fv2%2Fmedia&parent=14"}],"curies":[{"name":"wp","href":"https:\/\/api.w.org\/{rel}","templated":true}]}}